{"id":38,"date":"2013-11-19T12:17:27","date_gmt":"2013-11-19T10:17:27","guid":{"rendered":"http:\/\/www.landhaus-burggraaff.at\/wp\/?page_id=38"},"modified":"2013-11-19T13:06:25","modified_gmt":"2013-11-19T11:06:25","slug":"karwendel","status":"publish","type":"page","link":"http:\/\/www.landhaus-burggraaff.at\/wp\/?page_id=38&lang=de","title":{"rendered":"Karwendel"},"content":{"rendered":"<p><strong>Ferienwohnung KARWENDEL 65m2<\/strong><\/p>\n<p>Diese Ferienwohnung eignet sich f\u00fcr 4 \u2013 6 Personen. Verf\u00fcgt \u00fcber 2 separate Schlafzimmer, eines mit separatem Waschbecken und WC,<br \/>\nDusche, Badewanne, Waschbecken, WC, Haarf\u00f6hn.<br \/>\nWohnschlafraum mit Flat-Sat-TV-Anlage, Internetanschluss, CD-Radio-Player.<br \/>\nK\u00fcche komplett eingerichtet mit Geschirrsp\u00fcler, Mikrowelle, Kaffeemaschine, Wasserkocher, K\u00fchlschrank mit Gefrierfach.<br \/>\nDiese Wohnung ist im 1. Obergescho\u00df und ist nach S\u00fcden ausgerichtet. Ostbalkon und gro\u00dfer S\u00fcdbalkon mit Gartenm\u00f6bel, Sonnenschirm.<\/p>\n<p><a href=\"http:\/\/www.landhaus-burggraaff.at\/wp\/wp-content\/uploads\/2013\/10\/karwendel_gross.jpg\"><img loading=\"lazy\" class=\"alignnone size-medium wp-image-15\" alt=\"karwendel_gross\" src=\"http:\/\/www.landhaus-burggraaff.at\/wp\/wp-content\/uploads\/2013\/10\/karwendel_gross-300x220.jpg\" width=\"300\" height=\"220\" srcset=\"http:\/\/www.landhaus-burggraaff.at\/wp\/wp-content\/uploads\/2013\/10\/karwendel_gross-300x220.jpg 300w, http:\/\/www.landhaus-burggraaff.at\/wp\/wp-content\/uploads\/2013\/10\/karwendel_gross-416x306.jpg 416w, http:\/\/www.landhaus-burggraaff.at\/wp\/wp-content\/uploads\/2013\/10\/karwendel_gross.jpg 500w\" sizes=\"(max-width: 300px) 100vw, 300px\" \/><\/a><div id='gallery-1' class='gallery galleryid-38 gallery-columns-3 gallery-size-thumbnail'><figure class='gallery-item'>\n\t\t\t<div class='gallery-icon landscape'>\n\t\t\t\t<a href='http:\/\/www.landhaus-burggraaff.at\/wp\/?attachment_id=40'><img width=\"150\" height=\"150\" src=\"http:\/\/www.landhaus-burggraaff.at\/wp\/wp-content\/uploads\/2013\/11\/Bad_karwendel-150x150.jpg\" class=\"attachment-thumbnail size-thumbnail\" alt=\"\" loading=\"lazy\" srcset=\"http:\/\/www.landhaus-burggraaff.at\/wp\/wp-content\/uploads\/2013\/11\/Bad_karwendel-150x150.jpg 150w, http:\/\/www.landhaus-burggraaff.at\/wp\/wp-content\/uploads\/2013\/11\/Bad_karwendel-100x100.jpg 100w\" sizes=\"(max-width: 150px) 100vw, 150px\" \/><\/a>\n\t\t\t<\/div><\/figure><figure class='gallery-item'>\n\t\t\t<div class='gallery-icon landscape'>\n\t\t\t\t<a href='http:\/\/www.landhaus-burggraaff.at\/wp\/?attachment_id=39'><img width=\"150\" height=\"150\" src=\"http:\/\/www.landhaus-burggraaff.at\/wp\/wp-content\/uploads\/2013\/11\/Bad_karwendel_2-150x150.jpg\" class=\"attachment-thumbnail size-thumbnail\" alt=\"\" loading=\"lazy\" srcset=\"http:\/\/www.landhaus-burggraaff.at\/wp\/wp-content\/uploads\/2013\/11\/Bad_karwendel_2-150x150.jpg 150w, http:\/\/www.landhaus-burggraaff.at\/wp\/wp-content\/uploads\/2013\/11\/Bad_karwendel_2-100x100.jpg 100w\" sizes=\"(max-width: 150px) 100vw, 150px\" \/><\/a>\n\t\t\t<\/div><\/figure><figure class='gallery-item'>\n\t\t\t<div class='gallery-icon landscape'>\n\t\t\t\t<a href='http:\/\/www.landhaus-burggraaff.at\/wp\/?attachment_id=41'><img width=\"150\" height=\"150\" src=\"http:\/\/www.landhaus-burggraaff.at\/wp\/wp-content\/uploads\/2013\/11\/Kabinett_karwendel-150x150.jpg\" class=\"attachment-thumbnail size-thumbnail\" alt=\"\" loading=\"lazy\" srcset=\"http:\/\/www.landhaus-burggraaff.at\/wp\/wp-content\/uploads\/2013\/11\/Kabinett_karwendel-150x150.jpg 150w, http:\/\/www.landhaus-burggraaff.at\/wp\/wp-content\/uploads\/2013\/11\/Kabinett_karwendel-100x100.jpg 100w\" sizes=\"(max-width: 150px) 100vw, 150px\" \/><\/a>\n\t\t\t<\/div><\/figure><figure class='gallery-item'>\n\t\t\t<div class='gallery-icon landscape'>\n\t\t\t\t<a href='http:\/\/www.landhaus-burggraaff.at\/wp\/?attachment_id=44'><img width=\"150\" height=\"150\" src=\"http:\/\/www.landhaus-burggraaff.at\/wp\/wp-content\/uploads\/2013\/11\/kueche_karwendel_2-150x150.jpg\" class=\"attachment-thumbnail size-thumbnail\" alt=\"\" loading=\"lazy\" srcset=\"http:\/\/www.landhaus-burggraaff.at\/wp\/wp-content\/uploads\/2013\/11\/kueche_karwendel_2-150x150.jpg 150w, http:\/\/www.landhaus-burggraaff.at\/wp\/wp-content\/uploads\/2013\/11\/kueche_karwendel_2-100x100.jpg 100w\" sizes=\"(max-width: 150px) 100vw, 150px\" \/><\/a>\n\t\t\t<\/div><\/figure><figure class='gallery-item'>\n\t\t\t<div class='gallery-icon portrait'>\n\t\t\t\t<a href='http:\/\/www.landhaus-burggraaff.at\/wp\/?attachment_id=45'><img width=\"150\" height=\"150\" src=\"http:\/\/www.landhaus-burggraaff.at\/wp\/wp-content\/uploads\/2013\/11\/Kueche_karwendel-150x150.jpg\" class=\"attachment-thumbnail size-thumbnail\" alt=\"\" loading=\"lazy\" srcset=\"http:\/\/www.landhaus-burggraaff.at\/wp\/wp-content\/uploads\/2013\/11\/Kueche_karwendel-150x150.jpg 150w, http:\/\/www.landhaus-burggraaff.at\/wp\/wp-content\/uploads\/2013\/11\/Kueche_karwendel-100x100.jpg 100w, http:\/\/www.landhaus-burggraaff.at\/wp\/wp-content\/uploads\/2013\/11\/Kueche_karwendel-200x200.jpg 200w\" sizes=\"(max-width: 150px) 100vw, 150px\" \/><\/a>\n\t\t\t<\/div><\/figure><figure class='gallery-item'>\n\t\t\t<div class='gallery-icon landscape'>\n\t\t\t\t<a href='http:\/\/www.landhaus-burggraaff.at\/wp\/?attachment_id=46'><img width=\"150\" height=\"150\" src=\"http:\/\/www.landhaus-burggraaff.at\/wp\/wp-content\/uploads\/2013\/11\/schlafzimmer_karwendel_2-150x150.jpg\" class=\"attachment-thumbnail size-thumbnail\" alt=\"\" loading=\"lazy\" srcset=\"http:\/\/www.landhaus-burggraaff.at\/wp\/wp-content\/uploads\/2013\/11\/schlafzimmer_karwendel_2-150x150.jpg 150w, http:\/\/www.landhaus-burggraaff.at\/wp\/wp-content\/uploads\/2013\/11\/schlafzimmer_karwendel_2-100x100.jpg 100w\" sizes=\"(max-width: 150px) 100vw, 150px\" \/><\/a>\n\t\t\t<\/div><\/figure><figure class='gallery-item'>\n\t\t\t<div class='gallery-icon landscape'>\n\t\t\t\t<a href='http:\/\/www.landhaus-burggraaff.at\/wp\/?attachment_id=47'><img width=\"150\" height=\"150\" src=\"http:\/\/www.landhaus-burggraaff.at\/wp\/wp-content\/uploads\/2013\/11\/schlafzimmer_karwendel-150x150.jpg\" class=\"attachment-thumbnail size-thumbnail\" alt=\"\" loading=\"lazy\" srcset=\"http:\/\/www.landhaus-burggraaff.at\/wp\/wp-content\/uploads\/2013\/11\/schlafzimmer_karwendel-150x150.jpg 150w, http:\/\/www.landhaus-burggraaff.at\/wp\/wp-content\/uploads\/2013\/11\/schlafzimmer_karwendel-100x100.jpg 100w\" sizes=\"(max-width: 150px) 100vw, 150px\" \/><\/a>\n\t\t\t<\/div><\/figure><figure class='gallery-item'>\n\t\t\t<div class='gallery-icon landscape'>\n\t\t\t\t<a href='http:\/\/www.landhaus-burggraaff.at\/wp\/?attachment_id=48'><img width=\"150\" height=\"150\" src=\"http:\/\/www.landhaus-burggraaff.at\/wp\/wp-content\/uploads\/2013\/11\/wohnzimmer_karwendel-150x150.jpg\" class=\"attachment-thumbnail size-thumbnail\" alt=\"\" loading=\"lazy\" srcset=\"http:\/\/www.landhaus-burggraaff.at\/wp\/wp-content\/uploads\/2013\/11\/wohnzimmer_karwendel-150x150.jpg 150w, http:\/\/www.landhaus-burggraaff.at\/wp\/wp-content\/uploads\/2013\/11\/wohnzimmer_karwendel-100x100.jpg 100w\" sizes=\"(max-width: 150px) 100vw, 150px\" \/><\/a>\n\t\t\t<\/div><\/figure>\n\t\t<\/div>\n<\/p>\n","protected":false},"excerpt":{"rendered":"<p>Ferienwohnung KARWENDEL 65m2 Diese Ferienwohnung eignet sich f\u00fcr 4 \u2013 6 Personen. Verf\u00fcgt \u00fcber 2 separate Schlafzimmer, eines mit separatem Waschbecken und WC, Dusche, Badewanne, Waschbecken, WC, Haarf\u00f6hn. Wohnschlafraum mit Flat-Sat-TV-Anlage, Internetanschluss, CD-Radio-Player. K\u00fcche komplett eingerichtet mit Geschirrsp\u00fcler, Mikrowelle, Kaffeemaschine, Wasserkocher, K\u00fchlschrank mit Gefrierfach. Diese Wohnung ist im 1. Obergescho\u00df und ist nach S\u00fcden ausgerichtet. [&hellip;]<\/p>\n","protected":false},"author":1,"featured_media":0,"parent":2,"menu_order":0,"comment_status":"open","ping_status":"open","template":"","meta":[],"_links":{"self":[{"href":"http:\/\/www.landhaus-burggraaff.at\/wp\/index.php?rest_route=\/wp\/v2\/pages\/38"}],"collection":[{"href":"http:\/\/www.landhaus-burggraaff.at\/wp\/index.php?rest_route=\/wp\/v2\/pages"}],"about":[{"href":"http:\/\/www.landhaus-burggraaff.at\/wp\/index.php?rest_route=\/wp\/v2\/types\/page"}],"author":[{"embeddable":true,"href":"http:\/\/www.landhaus-burggraaff.at\/wp\/index.php?rest_route=\/wp\/v2\/users\/1"}],"replies":[{"embeddable":true,"href":"http:\/\/www.landhaus-burggraaff.at\/wp\/index.php?rest_route=%2Fwp%2Fv2%2Fcomments&post=38"}],"version-history":[{"count":3,"href":"http:\/\/www.landhaus-burggraaff.at\/wp\/index.php?rest_route=\/wp\/v2\/pages\/38\/revisions"}],"predecessor-version":[{"id":96,"href":"http:\/\/www.landhaus-burggraaff.at\/wp\/index.php?rest_route=\/wp\/v2\/pages\/38\/revisions\/96"}],"up":[{"embeddable":true,"href":"http:\/\/www.landhaus-burggraaff.at\/wp\/index.php?rest_route=\/wp\/v2\/pages\/2"}],"wp:attachment":[{"href":"http:\/\/www.landhaus-burggraaff.at\/wp\/index.php?rest_route=%2Fwp%2Fv2%2Fmedia&parent=38"}],"curies":[{"name":"wp","href":"https:\/\/api.w.org\/{rel}","templated":true}]}}