{"id":27,"date":"2013-11-19T12:14:24","date_gmt":"2013-11-19T10:14:24","guid":{"rendered":"http:\/\/www.landhaus-burggraaff.at\/wp\/?page_id=27"},"modified":"2021-05-31T17:43:02","modified_gmt":"2021-05-31T15:43:02","slug":"alpenland","status":"publish","type":"page","link":"http:\/\/www.landhaus-burggraaff.at\/wp\/?page_id=27&lang=de","title":{"rendered":"Alpenland"},"content":{"rendered":"<p><strong>Ferienwohnung ALPENLAND 46m2<\/strong><\/p>\n<p>Diese Ferienwohnung eignet sich f\u00fcr 2 &#8211; 4 Personen. Verf\u00fcgt \u00fcber ein Schlafzimmer, Dusche, Waschbecken, WC, Haarf\u00f6hn.<br \/>\nWohnschlafraum mit Flat-Sat-TV-Anlage, Internetanschlu\u00df, CD-Radio-Player.<br \/>\nK\u00fcche komplett eingerichtet mit Geschirrsp\u00fcler, Mikrowelle, Kaffeemaschine, Wasserkocher, K\u00fchlschrank mit Gefrierfach.<br \/>\nDiese helle Wohnung im Tiefparterre ist nach Osten ausgerichtet. Gro\u00dfe Terrasse mit Gartenm\u00f6bel und Sonnenschirm.<\/p>\n<p><a href=\"http:\/\/www.landhaus-burggraaff.at\/wp\/wp-content\/uploads\/2013\/10\/alpenland_gross.jpg\"><img loading=\"lazy\" class=\"alignnone size-medium wp-image-13\" alt=\"alpenland_gross\" src=\"http:\/\/www.landhaus-burggraaff.at\/wp\/wp-content\/uploads\/2013\/10\/alpenland_gross-300x253.jpg\" width=\"300\" height=\"253\" srcset=\"http:\/\/www.landhaus-burggraaff.at\/wp\/wp-content\/uploads\/2013\/10\/alpenland_gross-300x253.jpg 300w, http:\/\/www.landhaus-burggraaff.at\/wp\/wp-content\/uploads\/2013\/10\/alpenland_gross-416x352.jpg 416w, http:\/\/www.landhaus-burggraaff.at\/wp\/wp-content\/uploads\/2013\/10\/alpenland_gross.jpg 500w\" sizes=\"(max-width: 300px) 100vw, 300px\" \/><\/a><div id='gallery-1' class='gallery galleryid-27 gallery-columns-3 gallery-size-thumbnail'><figure class='gallery-item'>\n\t\t\t<div class='gallery-icon portrait'>\n\t\t\t\t<a href='http:\/\/www.landhaus-burggraaff.at\/wp\/?attachment_id=30'><img width=\"150\" height=\"150\" src=\"http:\/\/www.landhaus-burggraaff.at\/wp\/wp-content\/uploads\/2013\/11\/Kueche_Alpenland-150x150.jpg\" class=\"attachment-thumbnail size-thumbnail\" alt=\"\" loading=\"lazy\" srcset=\"http:\/\/www.landhaus-burggraaff.at\/wp\/wp-content\/uploads\/2013\/11\/Kueche_Alpenland-150x150.jpg 150w, http:\/\/www.landhaus-burggraaff.at\/wp\/wp-content\/uploads\/2013\/11\/Kueche_Alpenland-100x100.jpg 100w\" sizes=\"(max-width: 150px) 100vw, 150px\" \/><\/a>\n\t\t\t<\/div><\/figure><figure class='gallery-item'>\n\t\t\t<div class='gallery-icon landscape'>\n\t\t\t\t<a href='http:\/\/www.landhaus-burggraaff.at\/wp\/?attachment_id=29'><img width=\"150\" height=\"150\" src=\"http:\/\/www.landhaus-burggraaff.at\/wp\/wp-content\/uploads\/2013\/11\/Bad_Alpenland-150x150.jpg\" class=\"attachment-thumbnail size-thumbnail\" alt=\"\" loading=\"lazy\" srcset=\"http:\/\/www.landhaus-burggraaff.at\/wp\/wp-content\/uploads\/2013\/11\/Bad_Alpenland-150x150.jpg 150w, http:\/\/www.landhaus-burggraaff.at\/wp\/wp-content\/uploads\/2013\/11\/Bad_Alpenland-324x324.jpg 324w, http:\/\/www.landhaus-burggraaff.at\/wp\/wp-content\/uploads\/2013\/11\/Bad_Alpenland-100x100.jpg 100w\" sizes=\"(max-width: 150px) 100vw, 150px\" \/><\/a>\n\t\t\t<\/div><\/figure><figure class='gallery-item'>\n\t\t\t<div class='gallery-icon landscape'>\n\t\t\t\t<a href='http:\/\/www.landhaus-burggraaff.at\/wp\/?attachment_id=31'><img width=\"150\" height=\"150\" src=\"http:\/\/www.landhaus-burggraaff.at\/wp\/wp-content\/uploads\/2013\/11\/Schlafzimmer_alpenland-150x150.jpg\" class=\"attachment-thumbnail size-thumbnail\" alt=\"\" loading=\"lazy\" srcset=\"http:\/\/www.landhaus-burggraaff.at\/wp\/wp-content\/uploads\/2013\/11\/Schlafzimmer_alpenland-150x150.jpg 150w, http:\/\/www.landhaus-burggraaff.at\/wp\/wp-content\/uploads\/2013\/11\/Schlafzimmer_alpenland-100x100.jpg 100w\" sizes=\"(max-width: 150px) 100vw, 150px\" \/><\/a>\n\t\t\t<\/div><\/figure><figure class='gallery-item'>\n\t\t\t<div class='gallery-icon landscape'>\n\t\t\t\t<a href='http:\/\/www.landhaus-burggraaff.at\/wp\/?attachment_id=32'><img width=\"150\" height=\"150\" src=\"http:\/\/www.landhaus-burggraaff.at\/wp\/wp-content\/uploads\/2013\/11\/Wohnzimmer_alpenland_2-150x150.jpg\" class=\"attachment-thumbnail size-thumbnail\" alt=\"\" loading=\"lazy\" srcset=\"http:\/\/www.landhaus-burggraaff.at\/wp\/wp-content\/uploads\/2013\/11\/Wohnzimmer_alpenland_2-150x150.jpg 150w, http:\/\/www.landhaus-burggraaff.at\/wp\/wp-content\/uploads\/2013\/11\/Wohnzimmer_alpenland_2-324x324.jpg 324w, http:\/\/www.landhaus-burggraaff.at\/wp\/wp-content\/uploads\/2013\/11\/Wohnzimmer_alpenland_2-100x100.jpg 100w\" sizes=\"(max-width: 150px) 100vw, 150px\" \/><\/a>\n\t\t\t<\/div><\/figure><figure class='gallery-item'>\n\t\t\t<div class='gallery-icon landscape'>\n\t\t\t\t<a href='http:\/\/www.landhaus-burggraaff.at\/wp\/?attachment_id=33'><img width=\"150\" height=\"150\" src=\"http:\/\/www.landhaus-burggraaff.at\/wp\/wp-content\/uploads\/2013\/11\/Wohnzimmer_alpenland_3-150x150.jpg\" class=\"attachment-thumbnail size-thumbnail\" alt=\"\" loading=\"lazy\" srcset=\"http:\/\/www.landhaus-burggraaff.at\/wp\/wp-content\/uploads\/2013\/11\/Wohnzimmer_alpenland_3-150x150.jpg 150w, http:\/\/www.landhaus-burggraaff.at\/wp\/wp-content\/uploads\/2013\/11\/Wohnzimmer_alpenland_3-324x324.jpg 324w, http:\/\/www.landhaus-burggraaff.at\/wp\/wp-content\/uploads\/2013\/11\/Wohnzimmer_alpenland_3-100x100.jpg 100w\" sizes=\"(max-width: 150px) 100vw, 150px\" \/><\/a>\n\t\t\t<\/div><\/figure><figure class='gallery-item'>\n\t\t\t<div class='gallery-icon landscape'>\n\t\t\t\t<a href='http:\/\/www.landhaus-burggraaff.at\/wp\/?attachment_id=34'><img width=\"150\" height=\"150\" src=\"http:\/\/www.landhaus-burggraaff.at\/wp\/wp-content\/uploads\/2013\/11\/Wohnzimmer_alpenland_4-150x150.jpg\" class=\"attachment-thumbnail size-thumbnail\" alt=\"\" loading=\"lazy\" srcset=\"http:\/\/www.landhaus-burggraaff.at\/wp\/wp-content\/uploads\/2013\/11\/Wohnzimmer_alpenland_4-150x150.jpg 150w, http:\/\/www.landhaus-burggraaff.at\/wp\/wp-content\/uploads\/2013\/11\/Wohnzimmer_alpenland_4-324x324.jpg 324w, http:\/\/www.landhaus-burggraaff.at\/wp\/wp-content\/uploads\/2013\/11\/Wohnzimmer_alpenland_4-100x100.jpg 100w\" sizes=\"(max-width: 150px) 100vw, 150px\" \/><\/a>\n\t\t\t<\/div><\/figure>\n\t\t<\/div>\n<\/p>\n","protected":false},"excerpt":{"rendered":"<p>Ferienwohnung ALPENLAND 46m2 Diese Ferienwohnung eignet sich f\u00fcr 2 &#8211; 4 Personen. Verf\u00fcgt \u00fcber ein Schlafzimmer, Dusche, Waschbecken, WC, Haarf\u00f6hn. Wohnschlafraum mit Flat-Sat-TV-Anlage, Internetanschlu\u00df, CD-Radio-Player. K\u00fcche komplett eingerichtet mit Geschirrsp\u00fcler, Mikrowelle, Kaffeemaschine, Wasserkocher, K\u00fchlschrank mit Gefrierfach. Diese helle Wohnung im Tiefparterre ist nach Osten ausgerichtet. Gro\u00dfe Terrasse mit Gartenm\u00f6bel und Sonnenschirm.<\/p>\n","protected":false},"author":1,"featured_media":0,"parent":2,"menu_order":0,"comment_status":"open","ping_status":"closed","template":"","meta":[],"_links":{"self":[{"href":"http:\/\/www.landhaus-burggraaff.at\/wp\/index.php?rest_route=\/wp\/v2\/pages\/27"}],"collection":[{"href":"http:\/\/www.landhaus-burggraaff.at\/wp\/index.php?rest_route=\/wp\/v2\/pages"}],"about":[{"href":"http:\/\/www.landhaus-burggraaff.at\/wp\/index.php?rest_route=\/wp\/v2\/types\/page"}],"author":[{"embeddable":true,"href":"http:\/\/www.landhaus-burggraaff.at\/wp\/index.php?rest_route=\/wp\/v2\/users\/1"}],"replies":[{"embeddable":true,"href":"http:\/\/www.landhaus-burggraaff.at\/wp\/index.php?rest_route=%2Fwp%2Fv2%2Fcomments&post=27"}],"version-history":[{"count":4,"href":"http:\/\/www.landhaus-burggraaff.at\/wp\/index.php?rest_route=\/wp\/v2\/pages\/27\/revisions"}],"predecessor-version":[{"id":257,"href":"http:\/\/www.landhaus-burggraaff.at\/wp\/index.php?rest_route=\/wp\/v2\/pages\/27\/revisions\/257"}],"up":[{"embeddable":true,"href":"http:\/\/www.landhaus-burggraaff.at\/wp\/index.php?rest_route=\/wp\/v2\/pages\/2"}],"wp:attachment":[{"href":"http:\/\/www.landhaus-burggraaff.at\/wp\/index.php?rest_route=%2Fwp%2Fv2%2Fmedia&parent=27"}],"curies":[{"name":"wp","href":"https:\/\/api.w.org\/{rel}","templated":true}]}}