{"id":2,"date":"2013-10-19T14:21:44","date_gmt":"2013-10-19T14:21:44","guid":{"rendered":"http:\/\/www.landhaus-burggraaff.at\/wp\/?page_id=2"},"modified":"2022-02-24T19:37:32","modified_gmt":"2022-02-24T17:37:32","slug":"beispiel-seite","status":"publish","type":"page","link":"http:\/\/www.landhaus-burggraaff.at\/wp\/?page_id=2&lang=de","title":{"rendered":"Appartements"},"content":{"rendered":"<p>W\u00e4hlen Sie hier zwischen unseren 3 Appartements:<\/p>\n<p><strong>Alpenland: 46 m2<\/strong><\/p>\n<p><a href=\"http:\/\/www.landhaus-burggraaff.at\/wp\/wp-content\/uploads\/2013\/10\/alpenland_gross.jpg\"><img loading=\"lazy\" class=\"alignnone size-medium wp-image-13\" alt=\"alpenland_gross\" src=\"http:\/\/www.landhaus-burggraaff.at\/wp\/wp-content\/uploads\/2013\/10\/alpenland_gross-300x253.jpg\" width=\"300\" height=\"253\" srcset=\"http:\/\/www.landhaus-burggraaff.at\/wp\/wp-content\/uploads\/2013\/10\/alpenland_gross-300x253.jpg 300w, http:\/\/www.landhaus-burggraaff.at\/wp\/wp-content\/uploads\/2013\/10\/alpenland_gross-416x352.jpg 416w, http:\/\/www.landhaus-burggraaff.at\/wp\/wp-content\/uploads\/2013\/10\/alpenland_gross.jpg 500w\" sizes=\"(max-width: 300px) 100vw, 300px\" \/><\/a><\/p>\n<p><strong>Hohe Munde: 44 m2<\/strong><\/p>\n<p><a href=\"http:\/\/www.landhaus-burggraaff.at\/wp\/wp-content\/uploads\/2013\/10\/hohemunde-gross.jpg\"><img loading=\"lazy\" class=\"alignnone size-medium wp-image-14\" alt=\"hohemunde-gross\" src=\"http:\/\/www.landhaus-burggraaff.at\/wp\/wp-content\/uploads\/2013\/10\/hohemunde-gross-259x300.jpg\" width=\"259\" height=\"300\" srcset=\"http:\/\/www.landhaus-burggraaff.at\/wp\/wp-content\/uploads\/2013\/10\/hohemunde-gross-259x300.jpg 259w, http:\/\/www.landhaus-burggraaff.at\/wp\/wp-content\/uploads\/2013\/10\/hohemunde-gross-416x481.jpg 416w, http:\/\/www.landhaus-burggraaff.at\/wp\/wp-content\/uploads\/2013\/10\/hohemunde-gross.jpg 500w\" sizes=\"(max-width: 259px) 100vw, 259px\" \/><\/a><br \/>\n<strong>Karwendel: 65 m2<\/strong><\/p>\n<p><a href=\"http:\/\/www.landhaus-burggraaff.at\/wp\/wp-content\/uploads\/2013\/10\/karwendel_gross.jpg\"><img loading=\"lazy\" class=\"alignnone size-medium wp-image-15\" alt=\"karwendel_gross\" src=\"http:\/\/www.landhaus-burggraaff.at\/wp\/wp-content\/uploads\/2013\/10\/karwendel_gross-300x220.jpg\" width=\"300\" height=\"220\" srcset=\"http:\/\/www.landhaus-burggraaff.at\/wp\/wp-content\/uploads\/2013\/10\/karwendel_gross-300x220.jpg 300w, http:\/\/www.landhaus-burggraaff.at\/wp\/wp-content\/uploads\/2013\/10\/karwendel_gross-416x306.jpg 416w, http:\/\/www.landhaus-burggraaff.at\/wp\/wp-content\/uploads\/2013\/10\/karwendel_gross.jpg 500w\" sizes=\"(max-width: 300px) 100vw, 300px\" \/><\/a><\/p>\n<p>Wir hoffen Sie finden den Ihren W\u00fcnschen entsprechenden<br \/>\nAufenthaltsort f\u00fcr die sch\u00f6nste Zeit im Jahr.<\/p>\n<p>Viel Spa\u00df bei der weiteren Suche auf unseren Seiten w\u00fcnscht<br \/>\nGerlinde Neuner.<\/p>\n","protected":false},"excerpt":{"rendered":"<p>W\u00e4hlen Sie hier zwischen unseren 3 Appartements: Alpenland: 46 m2 Hohe Munde: 44 m2 Karwendel: 65 m2 Wir hoffen Sie finden den Ihren W\u00fcnschen entsprechenden Aufenthaltsort f\u00fcr die sch\u00f6nste Zeit im Jahr. Viel Spa\u00df bei der weiteren Suche auf unseren Seiten w\u00fcnscht Gerlinde Neuner.<\/p>\n","protected":false},"author":1,"featured_media":0,"parent":0,"menu_order":1,"comment_status":"open","ping_status":"open","template":"","meta":[],"_links":{"self":[{"href":"http:\/\/www.landhaus-burggraaff.at\/wp\/index.php?rest_route=\/wp\/v2\/pages\/2"}],"collection":[{"href":"http:\/\/www.landhaus-burggraaff.at\/wp\/index.php?rest_route=\/wp\/v2\/pages"}],"about":[{"href":"http:\/\/www.landhaus-burggraaff.at\/wp\/index.php?rest_route=\/wp\/v2\/types\/page"}],"author":[{"embeddable":true,"href":"http:\/\/www.landhaus-burggraaff.at\/wp\/index.php?rest_route=\/wp\/v2\/users\/1"}],"replies":[{"embeddable":true,"href":"http:\/\/www.landhaus-burggraaff.at\/wp\/index.php?rest_route=%2Fwp%2Fv2%2Fcomments&post=2"}],"version-history":[{"count":2,"href":"http:\/\/www.landhaus-burggraaff.at\/wp\/index.php?rest_route=\/wp\/v2\/pages\/2\/revisions"}],"predecessor-version":[{"id":296,"href":"http:\/\/www.landhaus-burggraaff.at\/wp\/index.php?rest_route=\/wp\/v2\/pages\/2\/revisions\/296"}],"wp:attachment":[{"href":"http:\/\/www.landhaus-burggraaff.at\/wp\/index.php?rest_route=%2Fwp%2Fv2%2Fmedia&parent=2"}],"curies":[{"name":"wp","href":"https:\/\/api.w.org\/{rel}","templated":true}]}}