{"id":174,"date":"2013-11-19T17:38:23","date_gmt":"2013-11-19T15:38:23","guid":{"rendered":"http:\/\/www.landhaus-burggraaff.at\/wp\/?page_id=174"},"modified":"2013-11-19T18:03:48","modified_gmt":"2013-11-19T16:03:48","slug":"infos-von-a-bis-z","status":"publish","type":"page","link":"http:\/\/www.landhaus-burggraaff.at\/wp\/?page_id=174&lang=de","title":{"rendered":"Infos von A bis Z"},"content":{"rendered":"<p><strong>Infos von A-Z<\/strong><\/p>\n<p><strong>Anreise<\/strong><br \/>\nWir hoffen, Sie sind gut bei uns angekommen \u2013 ab 15:00 Uhr sind unsere Ferienwohnungen f\u00fcr Sie vorbereitet.<\/p>\n<p><strong>Ausk\u00fcnfte<\/strong><br \/>\nF\u00fcr Fragen und W\u00fcnsche haben wir stets ein offenes Ohr und sind unter der Durchwahl 6 erreichbar.<\/p>\n<p><strong>Alpenbad Leutasch<\/strong><br \/>\nIm Sommer bieten wir Ihnen freien Eintritt ins Alpenbad Leutasch.<\/p>\n<p><strong>Br\u00f6tchenservice<\/strong><br \/>\nAuf Wunsch stellen wir Ihnen t\u00e4glich au\u00dfer Sonntag frisches Brot vor Ihre Wohnung.<\/p>\n<p><strong>B\u00e4uerliche Produkte<\/strong><br \/>\nT\u00e4glich frische Milch und Butter sind gegen\u00fcber im Wiesenhof erh\u00e4ltlich.<\/p>\n<p><strong>Fernsehprogramme<\/strong><br \/>\nEntnehmen Sie bitte der Programmliste aufliegend im Wohnzimmer.<\/p>\n<p><strong>Gartenm\u00f6bel<\/strong><br \/>\nEin Grill, Liegest\u00fchle und Tische stehen Ihnen im Sommer zur Verf\u00fcgung.<\/p>\n<p><strong>G\u00e4stekarte<\/strong><br \/>\nLoipenben\u00fctzung gegen Geb\u00fchr. S\u00e4mtliche Leistung werden auf Wunsch direkt beim Vermieter auf Ihre G\u00e4stekarte gebucht.<\/p>\n<p><strong>Internet<\/strong><br \/>\nGRATIS Surfen im Internet. Die Zugangsdaten f\u00fcr das WLAN liegen in der Ferienwohnung auf.<\/p>\n<p><strong>JuniorCard<\/strong><br \/>\nErhalten alle Kinder bis zum vollendeten 15. Lebensjahr. Damit erhalten die Kinder Erm\u00e4\u00dfigungen s\u00e4mtlicher Einrichtungen in der Olympiaregion Seefeld-Leutasch.<\/p>\n<p><strong>Kinder<\/strong><br \/>\nGerne stellen wir Ihnen Kinderstuhl und Gitterbetten zur Verf\u00fcgung. Im Sommer k\u00f6nnen sich die Kinder im Garten, auf der Schaukel oder in der Sandkiste austoben. Im Winter von den Schneeh\u00fcgeln vor dem Haus herunterrutschen.<\/p>\n<p><strong>Kr\u00e4utergarten<\/strong><br \/>\nzum Kochen k\u00f6nnen Sie die hauseigenen Kr\u00e4uter aus unserem Kr\u00e4uterbeet verwenden.<\/p>\n<p><strong>Lebensmittelgesch\u00e4ft<\/strong><br \/>\nEin Sparmarkt ist nur 3 Gehminuten von unserem Haus entfernt.<\/p>\n<p><strong>Loipe<\/strong><br \/>\nDer Loipeneinstieg befindet sich direkt beim Haus.<\/p>\n<p><strong>Notruf<\/strong><br \/>\nFeuerwehr:122 Polizei:133 Rettung:144<br \/>\nDr. Heis: 05214\/6910<\/p>\n<p><strong>Parken<\/strong><br \/>\nKostenlose Parkpl\u00e4tze direkt vor dem Haus.<\/p>\n<p><strong>Rauchen<\/strong><br \/>\nWir bitten Sie, in den Wohnungen nicht zu rauchen.<\/p>\n<p><strong>Safe<\/strong><br \/>\nIn den Zimmer befinden sich Safes zum Aufbewahren von wertvollen Gegenst\u00e4nden. Es wird daf\u00fcr aber keinerlei Haftung \u00fcbernommen.<\/p>\n<p><strong>Schl\u00fcssel<\/strong><br \/>\nAb 22.00 Uhr ist der Eingang verschlossen. Deshalb bitten wir alle G\u00e4ste, den Schl\u00fcssel mitzunehmen.<\/p>\n<p><strong>Schuhraum\/Schiraum<\/strong><br \/>\nIhre Schi k\u00f6nnen Sie in unserem Schiraum aufbewahren und wachsen. Ein besonderer Komfort ist unsere Schischuhtrockner- Heizung.<\/p>\n<p><strong>Telefon\/Fax<\/strong><br \/>\nAuf Ihrem Telefon befindet sich ihre Durchwahlnummer unter der Sie in der Wohnung erreichbar sind. Unsere Fax-Nummer 0043 5214 5138 5<\/p>\n<p><strong>Wertsachen<\/strong><br \/>\nWir bitten Sie, in Ihrem eigenen Interesse, Ihre Wertsachen im Zimmersafe zu deponieren<\/p>\n<p>&nbsp;<\/p>\n","protected":false},"excerpt":{"rendered":"<p>Infos von A-Z Anreise Wir hoffen, Sie sind gut bei uns angekommen \u2013 ab 15:00 Uhr sind unsere Ferienwohnungen f\u00fcr Sie vorbereitet. Ausk\u00fcnfte F\u00fcr Fragen und W\u00fcnsche haben wir stets ein offenes Ohr und sind unter der Durchwahl 6 erreichbar. Alpenbad Leutasch Im Sommer bieten wir Ihnen freien Eintritt ins Alpenbad Leutasch. Br\u00f6tchenservice Auf Wunsch [&hellip;]<\/p>\n","protected":false},"author":1,"featured_media":0,"parent":0,"menu_order":8,"comment_status":"open","ping_status":"open","template":"","meta":[],"_links":{"self":[{"href":"http:\/\/www.landhaus-burggraaff.at\/wp\/index.php?rest_route=\/wp\/v2\/pages\/174"}],"collection":[{"href":"http:\/\/www.landhaus-burggraaff.at\/wp\/index.php?rest_route=\/wp\/v2\/pages"}],"about":[{"href":"http:\/\/www.landhaus-burggraaff.at\/wp\/index.php?rest_route=\/wp\/v2\/types\/page"}],"author":[{"embeddable":true,"href":"http:\/\/www.landhaus-burggraaff.at\/wp\/index.php?rest_route=\/wp\/v2\/users\/1"}],"replies":[{"embeddable":true,"href":"http:\/\/www.landhaus-burggraaff.at\/wp\/index.php?rest_route=%2Fwp%2Fv2%2Fcomments&post=174"}],"version-history":[{"count":3,"href":"http:\/\/www.landhaus-burggraaff.at\/wp\/index.php?rest_route=\/wp\/v2\/pages\/174\/revisions"}],"predecessor-version":[{"id":201,"href":"http:\/\/www.landhaus-burggraaff.at\/wp\/index.php?rest_route=\/wp\/v2\/pages\/174\/revisions\/201"}],"wp:attachment":[{"href":"http:\/\/www.landhaus-burggraaff.at\/wp\/index.php?rest_route=%2Fwp%2Fv2%2Fmedia&parent=174"}],"curies":[{"name":"wp","href":"https:\/\/api.w.org\/{rel}","templated":true}]}}