{"id":17,"date":"2013-11-19T12:11:55","date_gmt":"2013-11-19T10:11:55","guid":{"rendered":"http:\/\/www.landhaus-burggraaff.at\/wp\/?page_id=17"},"modified":"2022-02-24T19:30:46","modified_gmt":"2022-02-24T17:30:46","slug":"hohe-munde","status":"publish","type":"page","link":"http:\/\/www.landhaus-burggraaff.at\/wp\/?page_id=17&lang=de","title":{"rendered":"Hohe Munde"},"content":{"rendered":"<p><strong>Ferienwohnung HOHE MUNDE 44m2<\/strong><\/p>\n<p>Diese Ferienwohnung eignet sich f\u00fcr 2 &#8211; 4 Personen. Verf\u00fcgt \u00fcber ein Schlafzimmer, Dusche, Waschbecken, WC, Haarf\u00f6hn.<br \/>\nWohnschlafraum mit Flat-Sat-TV-Anlage, Internetanschluss, CD-Radio-Player.<br \/>\nK\u00fcche komplett eingerichtet mit Geschirrsp\u00fcler, Mikrowelle, Kaffeemaschine, Wasserkocher, K\u00fchlschrank mit Gefrierfach.<br \/>\nDiese Wohnung im 1. Obergescho\u00df ist nach S\u00fcden ausgerichtet. Westbalkon und gro\u00dfer S\u00fcdbalkon mit Gartenm\u00f6bel, Sonnenschirm.<\/p>\n<p><a href=\"http:\/\/www.landhaus-burggraaff.at\/wp\/wp-content\/uploads\/2013\/10\/hohemunde-gross.jpg\"><img loading=\"lazy\" class=\"alignnone size-medium wp-image-14\" alt=\"hohemunde-gross\" src=\"http:\/\/www.landhaus-burggraaff.at\/wp\/wp-content\/uploads\/2013\/10\/hohemunde-gross-259x300.jpg\" width=\"259\" height=\"300\" srcset=\"http:\/\/www.landhaus-burggraaff.at\/wp\/wp-content\/uploads\/2013\/10\/hohemunde-gross-259x300.jpg 259w, http:\/\/www.landhaus-burggraaff.at\/wp\/wp-content\/uploads\/2013\/10\/hohemunde-gross-416x481.jpg 416w, http:\/\/www.landhaus-burggraaff.at\/wp\/wp-content\/uploads\/2013\/10\/hohemunde-gross.jpg 500w\" sizes=\"(max-width: 259px) 100vw, 259px\" \/><\/a><div id='gallery-1' class='gallery galleryid-17 gallery-columns-3 gallery-size-thumbnail'><figure class='gallery-item'>\n\t\t\t<div class='gallery-icon landscape'>\n\t\t\t\t<a href='http:\/\/www.landhaus-burggraaff.at\/wp\/?attachment_id=18'><img width=\"150\" height=\"150\" src=\"http:\/\/www.landhaus-burggraaff.at\/wp\/wp-content\/uploads\/2013\/11\/Schlafzimmer_Hohe_munde-150x150.jpg\" class=\"attachment-thumbnail size-thumbnail\" alt=\"\" loading=\"lazy\" srcset=\"http:\/\/www.landhaus-burggraaff.at\/wp\/wp-content\/uploads\/2013\/11\/Schlafzimmer_Hohe_munde-150x150.jpg 150w, http:\/\/www.landhaus-burggraaff.at\/wp\/wp-content\/uploads\/2013\/11\/Schlafzimmer_Hohe_munde-100x100.jpg 100w\" sizes=\"(max-width: 150px) 100vw, 150px\" \/><\/a>\n\t\t\t<\/div><\/figure><figure class='gallery-item'>\n\t\t\t<div class='gallery-icon landscape'>\n\t\t\t\t<a href='http:\/\/www.landhaus-burggraaff.at\/wp\/?attachment_id=19'><img width=\"150\" height=\"150\" src=\"http:\/\/www.landhaus-burggraaff.at\/wp\/wp-content\/uploads\/2013\/11\/kueche_hohe_munde-150x150.jpg\" class=\"attachment-thumbnail size-thumbnail\" alt=\"\" loading=\"lazy\" srcset=\"http:\/\/www.landhaus-burggraaff.at\/wp\/wp-content\/uploads\/2013\/11\/kueche_hohe_munde-150x150.jpg 150w, http:\/\/www.landhaus-burggraaff.at\/wp\/wp-content\/uploads\/2013\/11\/kueche_hohe_munde-324x324.jpg 324w, http:\/\/www.landhaus-burggraaff.at\/wp\/wp-content\/uploads\/2013\/11\/kueche_hohe_munde-100x100.jpg 100w\" sizes=\"(max-width: 150px) 100vw, 150px\" \/><\/a>\n\t\t\t<\/div><\/figure><figure class='gallery-item'>\n\t\t\t<div class='gallery-icon landscape'>\n\t\t\t\t<a href='http:\/\/www.landhaus-burggraaff.at\/wp\/?attachment_id=20'><img width=\"150\" height=\"150\" src=\"http:\/\/www.landhaus-burggraaff.at\/wp\/wp-content\/uploads\/2013\/11\/Wohnzimmer_hohe_Munde_2-150x150.jpg\" class=\"attachment-thumbnail size-thumbnail\" alt=\"\" loading=\"lazy\" srcset=\"http:\/\/www.landhaus-burggraaff.at\/wp\/wp-content\/uploads\/2013\/11\/Wohnzimmer_hohe_Munde_2-150x150.jpg 150w, http:\/\/www.landhaus-burggraaff.at\/wp\/wp-content\/uploads\/2013\/11\/Wohnzimmer_hohe_Munde_2-100x100.jpg 100w\" sizes=\"(max-width: 150px) 100vw, 150px\" \/><\/a>\n\t\t\t<\/div><\/figure><figure class='gallery-item'>\n\t\t\t<div class='gallery-icon landscape'>\n\t\t\t\t<a href='http:\/\/www.landhaus-burggraaff.at\/wp\/?attachment_id=21'><img width=\"150\" height=\"150\" src=\"http:\/\/www.landhaus-burggraaff.at\/wp\/wp-content\/uploads\/2013\/11\/Wohnzimmer_hohe_munde_3-150x150.jpg\" class=\"attachment-thumbnail size-thumbnail\" alt=\"\" loading=\"lazy\" srcset=\"http:\/\/www.landhaus-burggraaff.at\/wp\/wp-content\/uploads\/2013\/11\/Wohnzimmer_hohe_munde_3-150x150.jpg 150w, http:\/\/www.landhaus-burggraaff.at\/wp\/wp-content\/uploads\/2013\/11\/Wohnzimmer_hohe_munde_3-324x324.jpg 324w, http:\/\/www.landhaus-burggraaff.at\/wp\/wp-content\/uploads\/2013\/11\/Wohnzimmer_hohe_munde_3-100x100.jpg 100w\" sizes=\"(max-width: 150px) 100vw, 150px\" \/><\/a>\n\t\t\t<\/div><\/figure><figure class='gallery-item'>\n\t\t\t<div class='gallery-icon landscape'>\n\t\t\t\t<a href='http:\/\/www.landhaus-burggraaff.at\/wp\/?attachment_id=22'><img width=\"150\" height=\"150\" src=\"http:\/\/www.landhaus-burggraaff.at\/wp\/wp-content\/uploads\/2013\/11\/wohnzimmer_hohe_munde_4-150x150.jpg\" class=\"attachment-thumbnail size-thumbnail\" alt=\"\" loading=\"lazy\" srcset=\"http:\/\/www.landhaus-burggraaff.at\/wp\/wp-content\/uploads\/2013\/11\/wohnzimmer_hohe_munde_4-150x150.jpg 150w, http:\/\/www.landhaus-burggraaff.at\/wp\/wp-content\/uploads\/2013\/11\/wohnzimmer_hohe_munde_4-100x100.jpg 100w\" sizes=\"(max-width: 150px) 100vw, 150px\" \/><\/a>\n\t\t\t<\/div><\/figure><figure class='gallery-item'>\n\t\t\t<div class='gallery-icon landscape'>\n\t\t\t\t<a href='http:\/\/www.landhaus-burggraaff.at\/wp\/?attachment_id=23'><img width=\"150\" height=\"150\" src=\"http:\/\/www.landhaus-burggraaff.at\/wp\/wp-content\/uploads\/2013\/11\/Wohnzimmer_hohe_munde_5-150x150.jpg\" class=\"attachment-thumbnail size-thumbnail\" alt=\"\" loading=\"lazy\" srcset=\"http:\/\/www.landhaus-burggraaff.at\/wp\/wp-content\/uploads\/2013\/11\/Wohnzimmer_hohe_munde_5-150x150.jpg 150w, http:\/\/www.landhaus-burggraaff.at\/wp\/wp-content\/uploads\/2013\/11\/Wohnzimmer_hohe_munde_5-100x100.jpg 100w\" sizes=\"(max-width: 150px) 100vw, 150px\" \/><\/a>\n\t\t\t<\/div><\/figure><figure class='gallery-item'>\n\t\t\t<div class='gallery-icon landscape'>\n\t\t\t\t<a href='http:\/\/www.landhaus-burggraaff.at\/wp\/?attachment_id=24'><img width=\"150\" height=\"150\" src=\"http:\/\/www.landhaus-burggraaff.at\/wp\/wp-content\/uploads\/2013\/11\/Wohnzimmer_Hohe_munde-150x150.jpg\" class=\"attachment-thumbnail size-thumbnail\" alt=\"\" loading=\"lazy\" srcset=\"http:\/\/www.landhaus-burggraaff.at\/wp\/wp-content\/uploads\/2013\/11\/Wohnzimmer_Hohe_munde-150x150.jpg 150w, http:\/\/www.landhaus-burggraaff.at\/wp\/wp-content\/uploads\/2013\/11\/Wohnzimmer_Hohe_munde-100x100.jpg 100w\" sizes=\"(max-width: 150px) 100vw, 150px\" \/><\/a>\n\t\t\t<\/div><\/figure>\n\t\t<\/div>\n<\/p>\n<p>&nbsp;<\/p>\n","protected":false},"excerpt":{"rendered":"<p>Ferienwohnung HOHE MUNDE 44m2 Diese Ferienwohnung eignet sich f\u00fcr 2 &#8211; 4 Personen. Verf\u00fcgt \u00fcber ein Schlafzimmer, Dusche, Waschbecken, WC, Haarf\u00f6hn. Wohnschlafraum mit Flat-Sat-TV-Anlage, Internetanschluss, CD-Radio-Player. K\u00fcche komplett eingerichtet mit Geschirrsp\u00fcler, Mikrowelle, Kaffeemaschine, Wasserkocher, K\u00fchlschrank mit Gefrierfach. Diese Wohnung im 1. Obergescho\u00df ist nach S\u00fcden ausgerichtet. Westbalkon und gro\u00dfer S\u00fcdbalkon mit Gartenm\u00f6bel, Sonnenschirm. &nbsp;<\/p>\n","protected":false},"author":1,"featured_media":0,"parent":2,"menu_order":0,"comment_status":"open","ping_status":"open","template":"","meta":[],"_links":{"self":[{"href":"http:\/\/www.landhaus-burggraaff.at\/wp\/index.php?rest_route=\/wp\/v2\/pages\/17"}],"collection":[{"href":"http:\/\/www.landhaus-burggraaff.at\/wp\/index.php?rest_route=\/wp\/v2\/pages"}],"about":[{"href":"http:\/\/www.landhaus-burggraaff.at\/wp\/index.php?rest_route=\/wp\/v2\/types\/page"}],"author":[{"embeddable":true,"href":"http:\/\/www.landhaus-burggraaff.at\/wp\/index.php?rest_route=\/wp\/v2\/users\/1"}],"replies":[{"embeddable":true,"href":"http:\/\/www.landhaus-burggraaff.at\/wp\/index.php?rest_route=%2Fwp%2Fv2%2Fcomments&post=17"}],"version-history":[{"count":3,"href":"http:\/\/www.landhaus-burggraaff.at\/wp\/index.php?rest_route=\/wp\/v2\/pages\/17\/revisions"}],"predecessor-version":[{"id":297,"href":"http:\/\/www.landhaus-burggraaff.at\/wp\/index.php?rest_route=\/wp\/v2\/pages\/17\/revisions\/297"}],"up":[{"embeddable":true,"href":"http:\/\/www.landhaus-burggraaff.at\/wp\/index.php?rest_route=\/wp\/v2\/pages\/2"}],"wp:attachment":[{"href":"http:\/\/www.landhaus-burggraaff.at\/wp\/index.php?rest_route=%2Fwp%2Fv2%2Fmedia&parent=17"}],"curies":[{"name":"wp","href":"https:\/\/api.w.org\/{rel}","templated":true}]}}